{"id":33972,"date":"2026-04-04T11:59:18","date_gmt":"2026-04-04T11:59:18","guid":{"rendered":"https:\/\/www.sniperarchery.com\/commencer\/"},"modified":"2026-04-21T12:47:49","modified_gmt":"2026-04-21T12:47:49","slug":"commencer","status":"publish","type":"page","link":"https:\/\/www.sniperarchery.com\/fr\/","title":{"rendered":"Commencer"},"content":{"rendered":"\n<h3 class=\"wp-block-heading has-large-font-size\">Fabricant d&rsquo;\u00e9quipement de tir \u00e0 l&rsquo;arc<\/h3>\n\n<p class=\"has-medium-font-size\">Tous les accessoires et mat\u00e9riaux n\u00e9cessaires pour maintenir votre arc en parfait \u00e9tat.<\/p>\n\n<p class=\"has-medium-font-size\">Sniperarchery a \u00e9t\u00e9 fond\u00e9e pour combler un manque que nous avions identifi\u00e9 sur le march\u00e9, avec pour objectif de mieux servir le monde du tir \u00e0 l&rsquo;arc.\n\nNotre objectif \u00e9tait de fournir aux archers les outils les plus performants et les plus modernes pour ce sport.\n\nDe l\u00e0, nous avons d\u00e9velopp\u00e9 une gamme de produits innovants et pratiques.\n\nNous avons plus de 20 ans d&rsquo;exp\u00e9rience dans le monde du tir \u00e0 l&rsquo;arc. Nos produits nous ont permis de nous imposer comme une entreprise leader sur le march\u00e9 mondial.<\/p>\n","protected":false},"excerpt":{"rendered":"<p>Fabricant d&rsquo;\u00e9quipement de tir \u00e0 l&rsquo;arc Tous les accessoires et mat\u00e9riaux n\u00e9cessaires pour maintenir votre arc en parfait \u00e9tat. Sniperarchery a \u00e9t\u00e9 fond\u00e9e pour combler un manque que nous avions identifi\u00e9 sur le march\u00e9, avec pour objectif de mieux servir le monde du tir \u00e0 l&rsquo;arc. Notre objectif \u00e9tait de fournir aux archers les outils [&hellip;]<\/p>\n","protected":false},"author":3,"featured_media":33211,"parent":0,"menu_order":0,"comment_status":"closed","ping_status":"closed","template":"","meta":{"_genesis_hide_title":false,"_genesis_hide_breadcrumbs":false,"_genesis_hide_singular_image":false,"_genesis_hide_footer_widgets":false,"_genesis_custom_body_class":"","_genesis_custom_post_class":"","_genesis_layout":"","footnotes":""},"class_list":{"0":"post-33972","1":"page","2":"type-page","3":"status-publish","4":"has-post-thumbnail","6":"entry"},"yoast_head":"<!-- This site is optimized with the Yoast SEO plugin v27.3 - https:\/\/yoast.com\/product\/yoast-seo-wordpress\/ -->\n<title>Commencer - Sniperarchery<\/title>\n<meta name=\"robots\" content=\"index, follow, max-snippet:-1, max-image-preview:large, max-video-preview:-1\" \/>\n<link rel=\"canonical\" href=\"https:\/\/www.sniperarchery.com\/fr\/\" \/>\n<meta property=\"og:locale\" content=\"fr_FR\" \/>\n<meta property=\"og:type\" content=\"article\" \/>\n<meta property=\"og:title\" content=\"Commencer - Sniperarchery\" \/>\n<meta property=\"og:description\" content=\"Fabricant d&rsquo;\u00e9quipement de tir \u00e0 l&rsquo;arc Tous les accessoires et mat\u00e9riaux n\u00e9cessaires pour maintenir votre arc en parfait \u00e9tat. Sniperarchery a \u00e9t\u00e9 fond\u00e9e pour combler un manque que nous avions identifi\u00e9 sur le march\u00e9, avec pour objectif de mieux servir le monde du tir \u00e0 l&rsquo;arc. Notre objectif \u00e9tait de fournir aux archers les outils [&hellip;]\" \/>\n<meta property=\"og:url\" content=\"https:\/\/www.sniperarchery.com\/fr\/\" \/>\n<meta property=\"og:site_name\" content=\"Sniperarchery\" \/>\n<meta property=\"article:modified_time\" content=\"2026-04-21T12:47:49+00:00\" \/>\n<meta property=\"og:image\" content=\"https:\/\/www.sniperarchery.com\/wp-content\/uploads\/13F1D1AC-AB4B-4300-937E-6E761A4038CD-e1776775626108.png\" \/>\n\t<meta property=\"og:image:width\" content=\"1536\" \/>\n\t<meta property=\"og:image:height\" content=\"1024\" \/>\n\t<meta property=\"og:image:type\" content=\"image\/png\" \/>\n<meta name=\"twitter:card\" content=\"summary_large_image\" \/>\n<meta name=\"twitter:label1\" content=\"Dur\u00e9e de lecture estim\u00e9e\" \/>\n\t<meta name=\"twitter:data1\" content=\"1 minute\" \/>\n<script type=\"application\/ld+json\" class=\"yoast-schema-graph\">{\"@context\":\"https:\\\/\\\/schema.org\",\"@graph\":[{\"@type\":\"WebPage\",\"@id\":\"https:\\\/\\\/www.sniperarchery.com\\\/fr\\\/\",\"url\":\"https:\\\/\\\/www.sniperarchery.com\\\/fr\\\/\",\"name\":\"Commencer - Sniperarchery\",\"isPartOf\":{\"@id\":\"https:\\\/\\\/www.sniperarchery.com\\\/#website\"},\"primaryImageOfPage\":{\"@id\":\"https:\\\/\\\/www.sniperarchery.com\\\/fr\\\/#primaryimage\"},\"image\":{\"@id\":\"https:\\\/\\\/www.sniperarchery.com\\\/fr\\\/#primaryimage\"},\"thumbnailUrl\":\"https:\\\/\\\/www.sniperarchery.com\\\/wp-content\\\/uploads\\\/13F1D1AC-AB4B-4300-937E-6E761A4038CD-e1776775626108.png\",\"datePublished\":\"2026-04-04T11:59:18+00:00\",\"dateModified\":\"2026-04-21T12:47:49+00:00\",\"breadcrumb\":{\"@id\":\"https:\\\/\\\/www.sniperarchery.com\\\/fr\\\/#breadcrumb\"},\"inLanguage\":\"fr-FR\",\"potentialAction\":[{\"@type\":\"ReadAction\",\"target\":[\"https:\\\/\\\/www.sniperarchery.com\\\/fr\\\/\"]}]},{\"@type\":\"ImageObject\",\"inLanguage\":\"fr-FR\",\"@id\":\"https:\\\/\\\/www.sniperarchery.com\\\/fr\\\/#primaryimage\",\"url\":\"https:\\\/\\\/www.sniperarchery.com\\\/wp-content\\\/uploads\\\/13F1D1AC-AB4B-4300-937E-6E761A4038CD-e1776775626108.png\",\"contentUrl\":\"https:\\\/\\\/www.sniperarchery.com\\\/wp-content\\\/uploads\\\/13F1D1AC-AB4B-4300-937E-6E761A4038CD-e1776775626108.png\",\"width\":1536,\"height\":1024},{\"@type\":\"BreadcrumbList\",\"@id\":\"https:\\\/\\\/www.sniperarchery.com\\\/fr\\\/#breadcrumb\",\"itemListElement\":[{\"@type\":\"ListItem\",\"position\":1,\"name\":\"Portada\",\"item\":\"https:\\\/\\\/www.sniperarchery.com\\\/fr\\\/\"},{\"@type\":\"ListItem\",\"position\":2,\"name\":\"Commencer\"}]},{\"@type\":\"WebSite\",\"@id\":\"https:\\\/\\\/www.sniperarchery.com\\\/#website\",\"url\":\"https:\\\/\\\/www.sniperarchery.com\\\/\",\"name\":\"Sniperarchery\",\"description\":\"Material de Arquer\u00eda\",\"publisher\":{\"@id\":\"https:\\\/\\\/www.sniperarchery.com\\\/#organization\"},\"potentialAction\":[{\"@type\":\"SearchAction\",\"target\":{\"@type\":\"EntryPoint\",\"urlTemplate\":\"https:\\\/\\\/www.sniperarchery.com\\\/?s={search_term_string}\"},\"query-input\":{\"@type\":\"PropertyValueSpecification\",\"valueRequired\":true,\"valueName\":\"search_term_string\"}}],\"inLanguage\":\"fr-FR\"},{\"@type\":\"Organization\",\"@id\":\"https:\\\/\\\/www.sniperarchery.com\\\/#organization\",\"name\":\"Sniperarchery\",\"url\":\"https:\\\/\\\/www.sniperarchery.com\\\/\",\"logo\":{\"@type\":\"ImageObject\",\"inLanguage\":\"fr-FR\",\"@id\":\"https:\\\/\\\/www.sniperarchery.com\\\/#\\\/schema\\\/logo\\\/image\\\/\",\"url\":\"https:\\\/\\\/www.sniperarchery.com\\\/wp-content\\\/uploads\\\/2017\\\/05\\\/sniperarchery_plata.png\",\"contentUrl\":\"https:\\\/\\\/www.sniperarchery.com\\\/wp-content\\\/uploads\\\/2017\\\/05\\\/sniperarchery_plata.png\",\"width\":500,\"height\":94,\"caption\":\"Sniperarchery\"},\"image\":{\"@id\":\"https:\\\/\\\/www.sniperarchery.com\\\/#\\\/schema\\\/logo\\\/image\\\/\"}}]}<\/script>\n<!-- \/ Yoast SEO plugin. -->","yoast_head_json":{"title":"Commencer - Sniperarchery","robots":{"index":"index","follow":"follow","max-snippet":"max-snippet:-1","max-image-preview":"max-image-preview:large","max-video-preview":"max-video-preview:-1"},"canonical":"https:\/\/www.sniperarchery.com\/fr\/","og_locale":"fr_FR","og_type":"article","og_title":"Commencer - Sniperarchery","og_description":"Fabricant d&rsquo;\u00e9quipement de tir \u00e0 l&rsquo;arc Tous les accessoires et mat\u00e9riaux n\u00e9cessaires pour maintenir votre arc en parfait \u00e9tat. Sniperarchery a \u00e9t\u00e9 fond\u00e9e pour combler un manque que nous avions identifi\u00e9 sur le march\u00e9, avec pour objectif de mieux servir le monde du tir \u00e0 l&rsquo;arc. Notre objectif \u00e9tait de fournir aux archers les outils [&hellip;]","og_url":"https:\/\/www.sniperarchery.com\/fr\/","og_site_name":"Sniperarchery","article_modified_time":"2026-04-21T12:47:49+00:00","og_image":[{"width":1536,"height":1024,"url":"https:\/\/www.sniperarchery.com\/wp-content\/uploads\/13F1D1AC-AB4B-4300-937E-6E761A4038CD-e1776775626108.png","type":"image\/png"}],"twitter_card":"summary_large_image","twitter_misc":{"Dur\u00e9e de lecture estim\u00e9e":"1 minute"},"schema":{"@context":"https:\/\/schema.org","@graph":[{"@type":"WebPage","@id":"https:\/\/www.sniperarchery.com\/fr\/","url":"https:\/\/www.sniperarchery.com\/fr\/","name":"Commencer - Sniperarchery","isPartOf":{"@id":"https:\/\/www.sniperarchery.com\/#website"},"primaryImageOfPage":{"@id":"https:\/\/www.sniperarchery.com\/fr\/#primaryimage"},"image":{"@id":"https:\/\/www.sniperarchery.com\/fr\/#primaryimage"},"thumbnailUrl":"https:\/\/www.sniperarchery.com\/wp-content\/uploads\/13F1D1AC-AB4B-4300-937E-6E761A4038CD-e1776775626108.png","datePublished":"2026-04-04T11:59:18+00:00","dateModified":"2026-04-21T12:47:49+00:00","breadcrumb":{"@id":"https:\/\/www.sniperarchery.com\/fr\/#breadcrumb"},"inLanguage":"fr-FR","potentialAction":[{"@type":"ReadAction","target":["https:\/\/www.sniperarchery.com\/fr\/"]}]},{"@type":"ImageObject","inLanguage":"fr-FR","@id":"https:\/\/www.sniperarchery.com\/fr\/#primaryimage","url":"https:\/\/www.sniperarchery.com\/wp-content\/uploads\/13F1D1AC-AB4B-4300-937E-6E761A4038CD-e1776775626108.png","contentUrl":"https:\/\/www.sniperarchery.com\/wp-content\/uploads\/13F1D1AC-AB4B-4300-937E-6E761A4038CD-e1776775626108.png","width":1536,"height":1024},{"@type":"BreadcrumbList","@id":"https:\/\/www.sniperarchery.com\/fr\/#breadcrumb","itemListElement":[{"@type":"ListItem","position":1,"name":"Portada","item":"https:\/\/www.sniperarchery.com\/fr\/"},{"@type":"ListItem","position":2,"name":"Commencer"}]},{"@type":"WebSite","@id":"https:\/\/www.sniperarchery.com\/#website","url":"https:\/\/www.sniperarchery.com\/","name":"Sniperarchery","description":"Material de Arquer\u00eda","publisher":{"@id":"https:\/\/www.sniperarchery.com\/#organization"},"potentialAction":[{"@type":"SearchAction","target":{"@type":"EntryPoint","urlTemplate":"https:\/\/www.sniperarchery.com\/?s={search_term_string}"},"query-input":{"@type":"PropertyValueSpecification","valueRequired":true,"valueName":"search_term_string"}}],"inLanguage":"fr-FR"},{"@type":"Organization","@id":"https:\/\/www.sniperarchery.com\/#organization","name":"Sniperarchery","url":"https:\/\/www.sniperarchery.com\/","logo":{"@type":"ImageObject","inLanguage":"fr-FR","@id":"https:\/\/www.sniperarchery.com\/#\/schema\/logo\/image\/","url":"https:\/\/www.sniperarchery.com\/wp-content\/uploads\/2017\/05\/sniperarchery_plata.png","contentUrl":"https:\/\/www.sniperarchery.com\/wp-content\/uploads\/2017\/05\/sniperarchery_plata.png","width":500,"height":94,"caption":"Sniperarchery"},"image":{"@id":"https:\/\/www.sniperarchery.com\/#\/schema\/logo\/image\/"}}]}},"featured_image_src":"https:\/\/www.sniperarchery.com\/wp-content\/uploads\/13F1D1AC-AB4B-4300-937E-6E761A4038CD-600x400.png","featured_image_src_square":"https:\/\/www.sniperarchery.com\/wp-content\/uploads\/13F1D1AC-AB4B-4300-937E-6E761A4038CD-600x600.png","_links":{"self":[{"href":"https:\/\/www.sniperarchery.com\/fr\/wp-json\/wp\/v2\/pages\/33972","targetHints":{"allow":["GET"]}}],"collection":[{"href":"https:\/\/www.sniperarchery.com\/fr\/wp-json\/wp\/v2\/pages"}],"about":[{"href":"https:\/\/www.sniperarchery.com\/fr\/wp-json\/wp\/v2\/types\/page"}],"author":[{"embeddable":true,"href":"https:\/\/www.sniperarchery.com\/fr\/wp-json\/wp\/v2\/users\/3"}],"replies":[{"embeddable":true,"href":"https:\/\/www.sniperarchery.com\/fr\/wp-json\/wp\/v2\/comments?post=33972"}],"version-history":[{"count":1,"href":"https:\/\/www.sniperarchery.com\/fr\/wp-json\/wp\/v2\/pages\/33972\/revisions"}],"predecessor-version":[{"id":33974,"href":"https:\/\/www.sniperarchery.com\/fr\/wp-json\/wp\/v2\/pages\/33972\/revisions\/33974"}],"wp:featuredmedia":[{"embeddable":true,"href":"https:\/\/www.sniperarchery.com\/fr\/wp-json\/wp\/v2\/media\/33211"}],"wp:attachment":[{"href":"https:\/\/www.sniperarchery.com\/fr\/wp-json\/wp\/v2\/media?parent=33972"}],"curies":[{"name":"wp","href":"https:\/\/api.w.org\/{rel}","templated":true}]}}