{"id":33930,"date":"2017-06-12T09:18:42","date_gmt":"2017-06-12T09:18:42","guid":{"rendered":"https:\/\/www.sniperarchery.com\/quienes-somos-2\/"},"modified":"2017-06-12T09:18:42","modified_gmt":"2017-06-12T09:18:42","slug":"quienes-somos-2","status":"publish","type":"page","link":"https:\/\/www.sniperarchery.com\/fr\/quienes-somos-2\/","title":{"rendered":"Qui\u00e9nes Somos"},"content":{"rendered":"<p><strong>Sniperarchery<\/strong> naci\u00f3 para cubrir lo que entend\u00edamos era un vac\u00edo de mercado, con el fin de servir m\u00e1s y mejor al mundo del tiro con arco.<\/p>\n<p>Nuestro objetivo era dotar al arquero de las mejores y m\u00e1s actualizadas herramientas para la pr\u00e1ctica del tiro con arco.<\/p>\n<p>A partir de ah\u00ed hemos ido desarrollando una gama de productos novedosos y pr\u00e1cticos para este deporte.<\/p>\n<p>Contamos con m\u00e1s de 20 a\u00f1os de experiencia en el mundo del tiro con arco. Nuestros productos nos han consolidado como una empresa l\u00edder en el mercado a nivel mundial.<\/p>\n<p>Estamos continuamente involucrados por las continuas novedades y mejoras en este sector. Les ofrecemos a nuestros clientes las mejores condiciones en precios y servicios para su afici\u00f3n a este deporte. Adem\u00e1s, disponemos de log\u00edstica propia, con una pol\u00edtica comercial enfocada sin intermediarios, por lo que el arquero adquiere nuestros productos directamente desde fabrica a cualquier pa\u00eds del mundo a precios asequibles.<\/p>\n<p>Contamos con una amplia gama de productos en stock para poder distribuirlos en un plazo de entrega adecuado con el fin de cubrir las necesidades de nuestros clientes.<\/p>\n","protected":false},"excerpt":{"rendered":"<p>Sniperarchery naci\u00f3 para cubrir lo que entend\u00edamos era un vac\u00edo de mercado, con el fin de servir m\u00e1s y mejor al mundo del tiro con arco. Nuestro objetivo era dotar al arquero de las mejores y m\u00e1s actualizadas herramientas para la pr\u00e1ctica del tiro con arco. A partir de ah\u00ed hemos ido desarrollando una gama [&hellip;]<\/p>\n","protected":false},"author":1,"featured_media":33935,"parent":0,"menu_order":0,"comment_status":"closed","ping_status":"closed","template":"","meta":{"_genesis_hide_title":false,"_genesis_hide_breadcrumbs":false,"_genesis_hide_singular_image":false,"_genesis_hide_footer_widgets":false,"_genesis_custom_body_class":"","_genesis_custom_post_class":"","_genesis_layout":"","footnotes":""},"class_list":{"0":"post-33930","1":"page","2":"type-page","3":"status-publish","4":"has-post-thumbnail","6":"entry"},"yoast_head":"<!-- This site is optimized with the Yoast SEO plugin v27.5 - https:\/\/yoast.com\/product\/yoast-seo-wordpress\/ -->\n<title>Qui\u00e9nes Somos - Sniperarchery<\/title>\n<meta name=\"robots\" content=\"index, follow, max-snippet:-1, max-image-preview:large, max-video-preview:-1\" \/>\n<link rel=\"canonical\" href=\"https:\/\/www.sniperarchery.com\/fr\/quienes-somos-2\/\" \/>\n<meta property=\"og:locale\" content=\"fr_FR\" \/>\n<meta property=\"og:type\" content=\"article\" \/>\n<meta property=\"og:title\" content=\"Qui\u00e9nes Somos - Sniperarchery\" \/>\n<meta property=\"og:description\" content=\"Sniperarchery naci\u00f3 para cubrir lo que entend\u00edamos era un vac\u00edo de mercado, con el fin de servir m\u00e1s y mejor al mundo del tiro con arco. Nuestro objetivo era dotar al arquero de las mejores y m\u00e1s actualizadas herramientas para la pr\u00e1ctica del tiro con arco. A partir de ah\u00ed hemos ido desarrollando una gama [&hellip;]\" \/>\n<meta property=\"og:url\" content=\"https:\/\/www.sniperarchery.com\/fr\/quienes-somos-2\/\" \/>\n<meta property=\"og:site_name\" content=\"Sniperarchery\" \/>\n<meta name=\"twitter:card\" content=\"summary_large_image\" \/>\n<meta name=\"twitter:label1\" content=\"Dur\u00e9e de lecture estim\u00e9e\" \/>\n\t<meta name=\"twitter:data1\" content=\"1 minute\" \/>\n<script type=\"application\/ld+json\" class=\"yoast-schema-graph\">{\"@context\":\"https:\\\/\\\/schema.org\",\"@graph\":[{\"@type\":\"WebPage\",\"@id\":\"https:\\\/\\\/www.sniperarchery.com\\\/fr\\\/quienes-somos-2\\\/\",\"url\":\"https:\\\/\\\/www.sniperarchery.com\\\/fr\\\/quienes-somos-2\\\/\",\"name\":\"Qui\u00e9nes Somos - Sniperarchery\",\"isPartOf\":{\"@id\":\"https:\\\/\\\/www.sniperarchery.com\\\/#website\"},\"primaryImageOfPage\":{\"@id\":\"https:\\\/\\\/www.sniperarchery.com\\\/fr\\\/quienes-somos-2\\\/#primaryimage\"},\"image\":{\"@id\":\"https:\\\/\\\/www.sniperarchery.com\\\/fr\\\/quienes-somos-2\\\/#primaryimage\"},\"thumbnailUrl\":\"https:\\\/\\\/www.sniperarchery.com\\\/wp-content\\\/uploads\\\/2017\\\/06\\\/sniperarchery-quienes-somos-2.jpg\",\"datePublished\":\"2017-06-12T09:18:42+00:00\",\"breadcrumb\":{\"@id\":\"https:\\\/\\\/www.sniperarchery.com\\\/fr\\\/quienes-somos-2\\\/#breadcrumb\"},\"inLanguage\":\"fr-FR\",\"potentialAction\":[{\"@type\":\"ReadAction\",\"target\":[\"https:\\\/\\\/www.sniperarchery.com\\\/fr\\\/quienes-somos-2\\\/\"]}]},{\"@type\":\"ImageObject\",\"inLanguage\":\"fr-FR\",\"@id\":\"https:\\\/\\\/www.sniperarchery.com\\\/fr\\\/quienes-somos-2\\\/#primaryimage\",\"url\":\"https:\\\/\\\/www.sniperarchery.com\\\/wp-content\\\/uploads\\\/2017\\\/06\\\/sniperarchery-quienes-somos-2.jpg\",\"contentUrl\":\"https:\\\/\\\/www.sniperarchery.com\\\/wp-content\\\/uploads\\\/2017\\\/06\\\/sniperarchery-quienes-somos-2.jpg\",\"width\":1800,\"height\":1200,\"caption\":\"Sniperarchery Taller\"},{\"@type\":\"BreadcrumbList\",\"@id\":\"https:\\\/\\\/www.sniperarchery.com\\\/fr\\\/quienes-somos-2\\\/#breadcrumb\",\"itemListElement\":[{\"@type\":\"ListItem\",\"position\":1,\"name\":\"Portada\",\"item\":\"https:\\\/\\\/www.sniperarchery.com\\\/fr\\\/\"},{\"@type\":\"ListItem\",\"position\":2,\"name\":\"Qui\u00e9nes Somos\"}]},{\"@type\":\"WebSite\",\"@id\":\"https:\\\/\\\/www.sniperarchery.com\\\/#website\",\"url\":\"https:\\\/\\\/www.sniperarchery.com\\\/\",\"name\":\"Sniperarchery\",\"description\":\"Material de Arquer\u00eda\",\"publisher\":{\"@id\":\"https:\\\/\\\/www.sniperarchery.com\\\/#organization\"},\"potentialAction\":[{\"@type\":\"SearchAction\",\"target\":{\"@type\":\"EntryPoint\",\"urlTemplate\":\"https:\\\/\\\/www.sniperarchery.com\\\/?s={search_term_string}\"},\"query-input\":{\"@type\":\"PropertyValueSpecification\",\"valueRequired\":true,\"valueName\":\"search_term_string\"}}],\"inLanguage\":\"fr-FR\"},{\"@type\":\"Organization\",\"@id\":\"https:\\\/\\\/www.sniperarchery.com\\\/#organization\",\"name\":\"Sniperarchery\",\"url\":\"https:\\\/\\\/www.sniperarchery.com\\\/\",\"logo\":{\"@type\":\"ImageObject\",\"inLanguage\":\"fr-FR\",\"@id\":\"https:\\\/\\\/www.sniperarchery.com\\\/#\\\/schema\\\/logo\\\/image\\\/\",\"url\":\"https:\\\/\\\/www.sniperarchery.com\\\/wp-content\\\/uploads\\\/2017\\\/05\\\/sniperarchery_plata.png\",\"contentUrl\":\"https:\\\/\\\/www.sniperarchery.com\\\/wp-content\\\/uploads\\\/2017\\\/05\\\/sniperarchery_plata.png\",\"width\":500,\"height\":94,\"caption\":\"Sniperarchery\"},\"image\":{\"@id\":\"https:\\\/\\\/www.sniperarchery.com\\\/#\\\/schema\\\/logo\\\/image\\\/\"}}]}<\/script>\n<!-- \/ Yoast SEO plugin. -->","yoast_head_json":{"title":"Qui\u00e9nes Somos - Sniperarchery","robots":{"index":"index","follow":"follow","max-snippet":"max-snippet:-1","max-image-preview":"max-image-preview:large","max-video-preview":"max-video-preview:-1"},"canonical":"https:\/\/www.sniperarchery.com\/fr\/quienes-somos-2\/","og_locale":"fr_FR","og_type":"article","og_title":"Qui\u00e9nes Somos - Sniperarchery","og_description":"Sniperarchery naci\u00f3 para cubrir lo que entend\u00edamos era un vac\u00edo de mercado, con el fin de servir m\u00e1s y mejor al mundo del tiro con arco. Nuestro objetivo era dotar al arquero de las mejores y m\u00e1s actualizadas herramientas para la pr\u00e1ctica del tiro con arco. A partir de ah\u00ed hemos ido desarrollando una gama [&hellip;]","og_url":"https:\/\/www.sniperarchery.com\/fr\/quienes-somos-2\/","og_site_name":"Sniperarchery","twitter_card":"summary_large_image","twitter_misc":{"Dur\u00e9e de lecture estim\u00e9e":"1 minute"},"schema":{"@context":"https:\/\/schema.org","@graph":[{"@type":"WebPage","@id":"https:\/\/www.sniperarchery.com\/fr\/quienes-somos-2\/","url":"https:\/\/www.sniperarchery.com\/fr\/quienes-somos-2\/","name":"Qui\u00e9nes Somos - Sniperarchery","isPartOf":{"@id":"https:\/\/www.sniperarchery.com\/#website"},"primaryImageOfPage":{"@id":"https:\/\/www.sniperarchery.com\/fr\/quienes-somos-2\/#primaryimage"},"image":{"@id":"https:\/\/www.sniperarchery.com\/fr\/quienes-somos-2\/#primaryimage"},"thumbnailUrl":"https:\/\/www.sniperarchery.com\/wp-content\/uploads\/2017\/06\/sniperarchery-quienes-somos-2.jpg","datePublished":"2017-06-12T09:18:42+00:00","breadcrumb":{"@id":"https:\/\/www.sniperarchery.com\/fr\/quienes-somos-2\/#breadcrumb"},"inLanguage":"fr-FR","potentialAction":[{"@type":"ReadAction","target":["https:\/\/www.sniperarchery.com\/fr\/quienes-somos-2\/"]}]},{"@type":"ImageObject","inLanguage":"fr-FR","@id":"https:\/\/www.sniperarchery.com\/fr\/quienes-somos-2\/#primaryimage","url":"https:\/\/www.sniperarchery.com\/wp-content\/uploads\/2017\/06\/sniperarchery-quienes-somos-2.jpg","contentUrl":"https:\/\/www.sniperarchery.com\/wp-content\/uploads\/2017\/06\/sniperarchery-quienes-somos-2.jpg","width":1800,"height":1200,"caption":"Sniperarchery Taller"},{"@type":"BreadcrumbList","@id":"https:\/\/www.sniperarchery.com\/fr\/quienes-somos-2\/#breadcrumb","itemListElement":[{"@type":"ListItem","position":1,"name":"Portada","item":"https:\/\/www.sniperarchery.com\/fr\/"},{"@type":"ListItem","position":2,"name":"Qui\u00e9nes Somos"}]},{"@type":"WebSite","@id":"https:\/\/www.sniperarchery.com\/#website","url":"https:\/\/www.sniperarchery.com\/","name":"Sniperarchery","description":"Material de Arquer\u00eda","publisher":{"@id":"https:\/\/www.sniperarchery.com\/#organization"},"potentialAction":[{"@type":"SearchAction","target":{"@type":"EntryPoint","urlTemplate":"https:\/\/www.sniperarchery.com\/?s={search_term_string}"},"query-input":{"@type":"PropertyValueSpecification","valueRequired":true,"valueName":"search_term_string"}}],"inLanguage":"fr-FR"},{"@type":"Organization","@id":"https:\/\/www.sniperarchery.com\/#organization","name":"Sniperarchery","url":"https:\/\/www.sniperarchery.com\/","logo":{"@type":"ImageObject","inLanguage":"fr-FR","@id":"https:\/\/www.sniperarchery.com\/#\/schema\/logo\/image\/","url":"https:\/\/www.sniperarchery.com\/wp-content\/uploads\/2017\/05\/sniperarchery_plata.png","contentUrl":"https:\/\/www.sniperarchery.com\/wp-content\/uploads\/2017\/05\/sniperarchery_plata.png","width":500,"height":94,"caption":"Sniperarchery"},"image":{"@id":"https:\/\/www.sniperarchery.com\/#\/schema\/logo\/image\/"}}]}},"featured_image_src":"https:\/\/www.sniperarchery.com\/wp-content\/uploads\/2017\/06\/sniperarchery-quienes-somos-2.jpg","featured_image_src_square":"https:\/\/www.sniperarchery.com\/wp-content\/uploads\/2017\/06\/sniperarchery-quienes-somos-2.jpg","_links":{"self":[{"href":"https:\/\/www.sniperarchery.com\/fr\/wp-json\/wp\/v2\/pages\/33930","targetHints":{"allow":["GET"]}}],"collection":[{"href":"https:\/\/www.sniperarchery.com\/fr\/wp-json\/wp\/v2\/pages"}],"about":[{"href":"https:\/\/www.sniperarchery.com\/fr\/wp-json\/wp\/v2\/types\/page"}],"author":[{"embeddable":true,"href":"https:\/\/www.sniperarchery.com\/fr\/wp-json\/wp\/v2\/users\/1"}],"replies":[{"embeddable":true,"href":"https:\/\/www.sniperarchery.com\/fr\/wp-json\/wp\/v2\/comments?post=33930"}],"version-history":[{"count":0,"href":"https:\/\/www.sniperarchery.com\/fr\/wp-json\/wp\/v2\/pages\/33930\/revisions"}],"wp:featuredmedia":[{"embeddable":true,"href":"https:\/\/www.sniperarchery.com\/fr\/wp-json\/wp\/v2\/media\/33935"}],"wp:attachment":[{"href":"https:\/\/www.sniperarchery.com\/fr\/wp-json\/wp\/v2\/media?parent=33930"}],"curies":[{"name":"wp","href":"https:\/\/api.w.org\/{rel}","templated":true}]}}