{"id":19617,"date":"2016-11-07T04:06:54","date_gmt":"2016-11-07T04:06:54","guid":{"rendered":"http:\/\/demo.23digitalstudio.com\/contacto\/"},"modified":"2026-04-04T11:09:17","modified_gmt":"2026-04-04T11:09:17","slug":"contacto","status":"publish","type":"page","link":"https:\/\/www.sniperarchery.com\/en\/contacto\/","title":{"rendered":"Contacto"},"content":{"rendered":"<h2>Sniperarchery: Material de Arquer\u00eda<\/h2>\n<p>Si tiene alguna duda, puede solicitarnos la informaci\u00f3n deseada a trav\u00e9s de nuestro formulario de contacto.<\/p>\n\n\n<div class=\"wp-block-columns is-layout-flex wp-container-core-columns-is-layout-9d6595d7 wp-block-columns-is-layout-flex\">\n<div class=\"wp-block-column is-layout-flow wp-block-column-is-layout-flow\" style=\"flex-basis:100%\">\n<div class=\"wp-block-columns is-layout-flex wp-container-core-columns-is-layout-9d6595d7 wp-block-columns-is-layout-flex\">\n<div class=\"wp-block-column is-layout-flow wp-block-column-is-layout-flow\">\n<figure class=\"wp-block-gallery has-nested-images columns-default is-cropped wp-block-gallery-1 is-layout-flex wp-block-gallery-is-layout-flex\">\n<figure class=\"wp-block-image size-large\"><img loading=\"lazy\" decoding=\"async\" width=\"1920\" height=\"1080\" data-id=\"21126\" src=\"https:\/\/www.sniperarchery.com\/wp-content\/uploads\/sniperarchery-home.jpg\" alt=\"sniperarchery home\" class=\"wp-image-21126\" srcset=\"https:\/\/www.sniperarchery.com\/wp-content\/uploads\/sniperarchery-home.jpg 1920w, https:\/\/www.sniperarchery.com\/wp-content\/uploads\/sniperarchery-home-300x169.jpg 300w, https:\/\/www.sniperarchery.com\/wp-content\/uploads\/sniperarchery-home-1024x576.jpg 1024w, https:\/\/www.sniperarchery.com\/wp-content\/uploads\/sniperarchery-home-768x432.jpg 768w, https:\/\/www.sniperarchery.com\/wp-content\/uploads\/sniperarchery-home-1536x864.jpg 1536w, https:\/\/www.sniperarchery.com\/wp-content\/uploads\/sniperarchery-home-1280x720.jpg 1280w, https:\/\/www.sniperarchery.com\/wp-content\/uploads\/sniperarchery-home-500x281.jpg 500w, https:\/\/www.sniperarchery.com\/wp-content\/uploads\/sniperarchery-home-700x394.jpg 700w\" sizes=\"auto, (max-width: 1920px) 100vw, 1920px\" \/><\/figure>\n\n\n\n<figure class=\"wp-block-image size-large\"><img decoding=\"async\" data-id=\"20923\" src=\"https:\/\/www.sniperarchery.com\/wp-content\/uploads\/sniper-arckety-2.jpg\" alt=\"cuerda de arco\" class=\"wp-image-20923\"\/><\/figure>\n\n\n\n<figure class=\"wp-block-image size-large\"><img decoding=\"async\" data-id=\"20916\" src=\"https:\/\/www.sniperarchery.com\/wp-content\/uploads\/snipe-archery-3.jpg\" alt=\"\" class=\"wp-image-20916\"\/><\/figure>\n\n\n\n<figure class=\"wp-block-image size-large\"><img decoding=\"async\" data-id=\"20879\" src=\"https:\/\/www.sniperarchery.com\/wp-content\/uploads\/maxresdefault-4.jpg\" alt=\"\" class=\"wp-image-20879\"\/><\/figure>\n<\/figure>\n<\/div>\n\n\n\n<div class=\"wp-block-column is-layout-flow wp-block-column-is-layout-flow\" style=\"flex-basis:40%\">\n<div class=\"wpcf7 no-js\" id=\"wpcf7-f19615-o1\" lang=\"es-ES\" dir=\"ltr\" data-wpcf7-id=\"19615\">\n<div class=\"screen-reader-response\"><p role=\"status\" aria-live=\"polite\" aria-atomic=\"true\"><\/p> <ul><\/ul><\/div>\n<form action=\"\/en\/wp-json\/wp\/v2\/pages\/19617#wpcf7-f19615-o1\" method=\"post\" class=\"wpcf7-form init\" aria-label=\"Formulario de contacto\" novalidate=\"novalidate\" data-status=\"init\">\n<fieldset class=\"hidden-fields-container\"><input type=\"hidden\" name=\"_wpcf7\" value=\"19615\" \/><input type=\"hidden\" name=\"_wpcf7_version\" value=\"6.1.5\" \/><input type=\"hidden\" name=\"_wpcf7_locale\" value=\"es_ES\" \/><input type=\"hidden\" name=\"_wpcf7_unit_tag\" value=\"wpcf7-f19615-o1\" \/><input type=\"hidden\" name=\"_wpcf7_container_post\" value=\"0\" \/><input type=\"hidden\" name=\"_wpcf7_posted_data_hash\" value=\"\" \/><input type=\"hidden\" name=\"_wpcf7_recaptcha_response\" value=\"\" \/>\n<\/fieldset>\n<p><label> Nombre (requerido)<br \/>\n<span class=\"wpcf7-form-control-wrap\" data-name=\"your-name\"><input size=\"40\" maxlength=\"400\" class=\"wpcf7-form-control wpcf7-text wpcf7-validates-as-required\" aria-required=\"true\" aria-invalid=\"false\" value=\"\" type=\"text\" name=\"your-name\" \/><\/span> <\/label>\n<\/p>\n<p><label> Tu correo electr\u00f3nico (requerido)<br \/>\n<span class=\"wpcf7-form-control-wrap\" data-name=\"your-email\"><input size=\"40\" maxlength=\"400\" class=\"wpcf7-form-control wpcf7-email wpcf7-validates-as-required wpcf7-text wpcf7-validates-as-email\" aria-required=\"true\" aria-invalid=\"false\" value=\"\" type=\"email\" name=\"your-email\" \/><\/span> <\/label>\n<\/p>\n<p><label> Asunto<br \/>\n<span class=\"wpcf7-form-control-wrap\" data-name=\"your-subject\"><input size=\"40\" maxlength=\"400\" class=\"wpcf7-form-control wpcf7-text\" aria-invalid=\"false\" value=\"\" type=\"text\" name=\"your-subject\" \/><\/span> <\/label>\n<\/p>\n<p><label> Mensaje<br \/>\n<span class=\"wpcf7-form-control-wrap\" data-name=\"your-message\"><textarea cols=\"40\" rows=\"10\" maxlength=\"2000\" class=\"wpcf7-form-control wpcf7-textarea\" aria-invalid=\"false\" name=\"your-message\"><\/textarea><\/span> <\/label>\n<\/p>\n<p><input class=\"wpcf7-form-control wpcf7-submit has-spinner\" type=\"submit\" value=\"Enviar\" \/>\n<\/p><p style=\"display: none !important;\" class=\"akismet-fields-container\" data-prefix=\"_wpcf7_ak_\"><label>&#916;<textarea name=\"_wpcf7_ak_hp_textarea\" cols=\"45\" rows=\"8\" maxlength=\"100\"><\/textarea><\/label><input type=\"hidden\" id=\"ak_js_1\" name=\"_wpcf7_ak_js\" value=\"59\"\/><script type=\"text\/javascript\">\n\/* <![CDATA[ *\/\ndocument.getElementById( \"ak_js_1\" ).setAttribute( \"value\", ( new Date() ).getTime() );\n\/* ]]> *\/\n<\/script>\n<\/p><div class=\"wpcf7-response-output\" aria-hidden=\"true\"><\/div>\n<\/form>\n<\/div>\n\n<\/div>\n<\/div>\n<\/div>\n<\/div>\n","protected":false},"excerpt":{"rendered":"<p>Sniperarchery: Material de Arquer\u00eda Si tiene alguna duda, puede solicitarnos la informaci\u00f3n deseada a trav\u00e9s de nuestro formulario de contacto.<\/p>\n","protected":false},"author":1,"featured_media":21225,"parent":0,"menu_order":0,"comment_status":"closed","ping_status":"closed","template":"","meta":{"_genesis_hide_title":false,"_genesis_hide_breadcrumbs":false,"_genesis_hide_singular_image":false,"_genesis_hide_footer_widgets":false,"_genesis_custom_body_class":"","_genesis_custom_post_class":"","_genesis_layout":"","footnotes":""},"class_list":{"0":"post-19617","1":"page","2":"type-page","3":"status-publish","4":"has-post-thumbnail","6":"entry"},"yoast_head":"<!-- This site is optimized with the Yoast SEO plugin v27.5 - https:\/\/yoast.com\/product\/yoast-seo-wordpress\/ -->\n<title>Contacto - Sniperarchery<\/title>\n<meta name=\"robots\" content=\"index, follow, max-snippet:-1, max-image-preview:large, max-video-preview:-1\" \/>\n<link rel=\"canonical\" href=\"https:\/\/www.sniperarchery.com\/en\/contacto\/\" \/>\n<meta property=\"og:locale\" content=\"en_US\" \/>\n<meta property=\"og:type\" content=\"article\" \/>\n<meta property=\"og:title\" content=\"Contacto - Sniperarchery\" \/>\n<meta property=\"og:description\" content=\"Sniperarchery: Material de Arquer\u00eda Si tiene alguna duda, puede solicitarnos la informaci\u00f3n deseada a trav\u00e9s de nuestro formulario de contacto.\" \/>\n<meta property=\"og:url\" content=\"https:\/\/www.sniperarchery.com\/en\/contacto\/\" \/>\n<meta property=\"og:site_name\" content=\"Sniperarchery\" \/>\n<meta property=\"article:modified_time\" content=\"2026-04-04T11:09:17+00:00\" \/>\n<meta property=\"og:image\" content=\"https:\/\/www.sniperarchery.com\/wp-content\/uploads\/diana2.jpg\" \/>\n\t<meta property=\"og:image:width\" content=\"1024\" \/>\n\t<meta property=\"og:image:height\" content=\"600\" \/>\n\t<meta property=\"og:image:type\" content=\"image\/jpeg\" \/>\n<meta name=\"twitter:card\" content=\"summary_large_image\" \/>\n<meta name=\"twitter:label1\" content=\"Est. reading time\" \/>\n\t<meta name=\"twitter:data1\" content=\"1 minute\" \/>\n<script type=\"application\/ld+json\" class=\"yoast-schema-graph\">{\"@context\":\"https:\\\/\\\/schema.org\",\"@graph\":[{\"@type\":\"WebPage\",\"@id\":\"https:\\\/\\\/www.sniperarchery.com\\\/en\\\/contacto\\\/\",\"url\":\"https:\\\/\\\/www.sniperarchery.com\\\/en\\\/contacto\\\/\",\"name\":\"Contacto - Sniperarchery\",\"isPartOf\":{\"@id\":\"https:\\\/\\\/www.sniperarchery.com\\\/#website\"},\"primaryImageOfPage\":{\"@id\":\"https:\\\/\\\/www.sniperarchery.com\\\/en\\\/contacto\\\/#primaryimage\"},\"image\":{\"@id\":\"https:\\\/\\\/www.sniperarchery.com\\\/en\\\/contacto\\\/#primaryimage\"},\"thumbnailUrl\":\"https:\\\/\\\/www.sniperarchery.com\\\/wp-content\\\/uploads\\\/diana2.jpg\",\"datePublished\":\"2016-11-07T04:06:54+00:00\",\"dateModified\":\"2026-04-04T11:09:17+00:00\",\"breadcrumb\":{\"@id\":\"https:\\\/\\\/www.sniperarchery.com\\\/en\\\/contacto\\\/#breadcrumb\"},\"inLanguage\":\"en-US\",\"potentialAction\":[{\"@type\":\"ReadAction\",\"target\":[\"https:\\\/\\\/www.sniperarchery.com\\\/en\\\/contacto\\\/\"]}]},{\"@type\":\"ImageObject\",\"inLanguage\":\"en-US\",\"@id\":\"https:\\\/\\\/www.sniperarchery.com\\\/en\\\/contacto\\\/#primaryimage\",\"url\":\"https:\\\/\\\/www.sniperarchery.com\\\/wp-content\\\/uploads\\\/diana2.jpg\",\"contentUrl\":\"https:\\\/\\\/www.sniperarchery.com\\\/wp-content\\\/uploads\\\/diana2.jpg\",\"width\":1024,\"height\":600},{\"@type\":\"BreadcrumbList\",\"@id\":\"https:\\\/\\\/www.sniperarchery.com\\\/en\\\/contacto\\\/#breadcrumb\",\"itemListElement\":[{\"@type\":\"ListItem\",\"position\":1,\"name\":\"Portada\",\"item\":\"https:\\\/\\\/www.sniperarchery.com\\\/en\\\/\"},{\"@type\":\"ListItem\",\"position\":2,\"name\":\"Contacto\"}]},{\"@type\":\"WebSite\",\"@id\":\"https:\\\/\\\/www.sniperarchery.com\\\/#website\",\"url\":\"https:\\\/\\\/www.sniperarchery.com\\\/\",\"name\":\"Sniperarchery\",\"description\":\"Material de Arquer\u00eda\",\"publisher\":{\"@id\":\"https:\\\/\\\/www.sniperarchery.com\\\/#organization\"},\"potentialAction\":[{\"@type\":\"SearchAction\",\"target\":{\"@type\":\"EntryPoint\",\"urlTemplate\":\"https:\\\/\\\/www.sniperarchery.com\\\/?s={search_term_string}\"},\"query-input\":{\"@type\":\"PropertyValueSpecification\",\"valueRequired\":true,\"valueName\":\"search_term_string\"}}],\"inLanguage\":\"en-US\"},{\"@type\":\"Organization\",\"@id\":\"https:\\\/\\\/www.sniperarchery.com\\\/#organization\",\"name\":\"Sniperarchery\",\"url\":\"https:\\\/\\\/www.sniperarchery.com\\\/\",\"logo\":{\"@type\":\"ImageObject\",\"inLanguage\":\"en-US\",\"@id\":\"https:\\\/\\\/www.sniperarchery.com\\\/#\\\/schema\\\/logo\\\/image\\\/\",\"url\":\"https:\\\/\\\/www.sniperarchery.com\\\/wp-content\\\/uploads\\\/2017\\\/05\\\/sniperarchery_plata.png\",\"contentUrl\":\"https:\\\/\\\/www.sniperarchery.com\\\/wp-content\\\/uploads\\\/2017\\\/05\\\/sniperarchery_plata.png\",\"width\":500,\"height\":94,\"caption\":\"Sniperarchery\"},\"image\":{\"@id\":\"https:\\\/\\\/www.sniperarchery.com\\\/#\\\/schema\\\/logo\\\/image\\\/\"}}]}<\/script>\n<!-- \/ Yoast SEO plugin. -->","yoast_head_json":{"title":"Contacto - Sniperarchery","robots":{"index":"index","follow":"follow","max-snippet":"max-snippet:-1","max-image-preview":"max-image-preview:large","max-video-preview":"max-video-preview:-1"},"canonical":"https:\/\/www.sniperarchery.com\/en\/contacto\/","og_locale":"en_US","og_type":"article","og_title":"Contacto - Sniperarchery","og_description":"Sniperarchery: Material de Arquer\u00eda Si tiene alguna duda, puede solicitarnos la informaci\u00f3n deseada a trav\u00e9s de nuestro formulario de contacto.","og_url":"https:\/\/www.sniperarchery.com\/en\/contacto\/","og_site_name":"Sniperarchery","article_modified_time":"2026-04-04T11:09:17+00:00","og_image":[{"width":1024,"height":600,"url":"https:\/\/www.sniperarchery.com\/wp-content\/uploads\/diana2.jpg","type":"image\/jpeg"}],"twitter_card":"summary_large_image","twitter_misc":{"Est. reading time":"1 minute"},"schema":{"@context":"https:\/\/schema.org","@graph":[{"@type":"WebPage","@id":"https:\/\/www.sniperarchery.com\/en\/contacto\/","url":"https:\/\/www.sniperarchery.com\/en\/contacto\/","name":"Contacto - Sniperarchery","isPartOf":{"@id":"https:\/\/www.sniperarchery.com\/#website"},"primaryImageOfPage":{"@id":"https:\/\/www.sniperarchery.com\/en\/contacto\/#primaryimage"},"image":{"@id":"https:\/\/www.sniperarchery.com\/en\/contacto\/#primaryimage"},"thumbnailUrl":"https:\/\/www.sniperarchery.com\/wp-content\/uploads\/diana2.jpg","datePublished":"2016-11-07T04:06:54+00:00","dateModified":"2026-04-04T11:09:17+00:00","breadcrumb":{"@id":"https:\/\/www.sniperarchery.com\/en\/contacto\/#breadcrumb"},"inLanguage":"en-US","potentialAction":[{"@type":"ReadAction","target":["https:\/\/www.sniperarchery.com\/en\/contacto\/"]}]},{"@type":"ImageObject","inLanguage":"en-US","@id":"https:\/\/www.sniperarchery.com\/en\/contacto\/#primaryimage","url":"https:\/\/www.sniperarchery.com\/wp-content\/uploads\/diana2.jpg","contentUrl":"https:\/\/www.sniperarchery.com\/wp-content\/uploads\/diana2.jpg","width":1024,"height":600},{"@type":"BreadcrumbList","@id":"https:\/\/www.sniperarchery.com\/en\/contacto\/#breadcrumb","itemListElement":[{"@type":"ListItem","position":1,"name":"Portada","item":"https:\/\/www.sniperarchery.com\/en\/"},{"@type":"ListItem","position":2,"name":"Contacto"}]},{"@type":"WebSite","@id":"https:\/\/www.sniperarchery.com\/#website","url":"https:\/\/www.sniperarchery.com\/","name":"Sniperarchery","description":"Material de Arquer\u00eda","publisher":{"@id":"https:\/\/www.sniperarchery.com\/#organization"},"potentialAction":[{"@type":"SearchAction","target":{"@type":"EntryPoint","urlTemplate":"https:\/\/www.sniperarchery.com\/?s={search_term_string}"},"query-input":{"@type":"PropertyValueSpecification","valueRequired":true,"valueName":"search_term_string"}}],"inLanguage":"en-US"},{"@type":"Organization","@id":"https:\/\/www.sniperarchery.com\/#organization","name":"Sniperarchery","url":"https:\/\/www.sniperarchery.com\/","logo":{"@type":"ImageObject","inLanguage":"en-US","@id":"https:\/\/www.sniperarchery.com\/#\/schema\/logo\/image\/","url":"https:\/\/www.sniperarchery.com\/wp-content\/uploads\/2017\/05\/sniperarchery_plata.png","contentUrl":"https:\/\/www.sniperarchery.com\/wp-content\/uploads\/2017\/05\/sniperarchery_plata.png","width":500,"height":94,"caption":"Sniperarchery"},"image":{"@id":"https:\/\/www.sniperarchery.com\/#\/schema\/logo\/image\/"}}]}},"featured_image_src":"https:\/\/www.sniperarchery.com\/wp-content\/uploads\/diana2-600x400.jpg","featured_image_src_square":"https:\/\/www.sniperarchery.com\/wp-content\/uploads\/diana2-600x600.jpg","_links":{"self":[{"href":"https:\/\/www.sniperarchery.com\/en\/wp-json\/wp\/v2\/pages\/19617","targetHints":{"allow":["GET"]}}],"collection":[{"href":"https:\/\/www.sniperarchery.com\/en\/wp-json\/wp\/v2\/pages"}],"about":[{"href":"https:\/\/www.sniperarchery.com\/en\/wp-json\/wp\/v2\/types\/page"}],"author":[{"embeddable":true,"href":"https:\/\/www.sniperarchery.com\/en\/wp-json\/wp\/v2\/users\/1"}],"replies":[{"embeddable":true,"href":"https:\/\/www.sniperarchery.com\/en\/wp-json\/wp\/v2\/comments?post=19617"}],"version-history":[{"count":74,"href":"https:\/\/www.sniperarchery.com\/en\/wp-json\/wp\/v2\/pages\/19617\/revisions"}],"predecessor-version":[{"id":33937,"href":"https:\/\/www.sniperarchery.com\/en\/wp-json\/wp\/v2\/pages\/19617\/revisions\/33937"}],"wp:featuredmedia":[{"embeddable":true,"href":"https:\/\/www.sniperarchery.com\/en\/wp-json\/wp\/v2\/media\/21225"}],"wp:attachment":[{"href":"https:\/\/www.sniperarchery.com\/en\/wp-json\/wp\/v2\/media?parent=19617"}],"curies":[{"name":"wp","href":"https:\/\/api.w.org\/{rel}","templated":true}]}}